{"id":442,"date":"2018-06-07T20:10:18","date_gmt":"2018-06-07T19:10:18","guid":{"rendered":"https:\/\/www.gauthiercompagnie.com\/?page_id=442"},"modified":"2025-01-15T18:21:07","modified_gmt":"2025-01-15T17:21:07","slug":"legal-notice","status":"publish","type":"page","link":"https:\/\/www.gauthiercompagnie.com\/en\/legal-notice\/","title":{"rendered":"Legal Notice"},"content":{"rendered":"<p>Gauthier &amp; Cie SAS capitalised at \u20ac 38112,25 \u20ac.<strong> \u00a0<\/strong><\/p>\n<p>Headquarters:\u00a0 31 rue Malar, 75006 Paris, France<\/p>\n<p>SIRET\u00a034540440400021<\/p>\n<p>RCS Paris 345404404<\/p>\n<p>Intra-Community VAT number: FR 63\u00a079 13 50 26 7<\/p>\n<p><a href=\"mailto:contact@gauthiercompagnie.fr\">contact@gauthiercompagnie.fr<\/a><\/p>\n<p>Tel.: +33 1 55 78 25 10<\/p>\n<p>Publication director: Aurore Lebon<\/p>\n<p>Website created by Caroline G\u00e9rin, <a href=\"https:\/\/caroline-gerin.com\/\">caroline-gerin.com<\/a> and Simon Pasero, <a href=\"http:\/\/www.cominup.fr\/\">Cominup.fr. <\/a><\/p>\n<p>Hosted by OVH, <a href=\"https:\/\/maps.google.com\/?q=2+rue+Kellermann&amp;entry=gmail&amp;source=g\">2 rue Kellermann<\/a> BP 80157, F-59100 Roubaix.<\/p>\n<h3><\/h3>\n<p><strong>Photo credits and acknowledgements:<\/strong><\/p>\n<p>Atelier Charles Jouffre, Atelier Phelippeau, Vision D\u00e9co, Cr\u00e9ations Mourra, Batalage, Confidences, Boulevard du Cap D\u00e9coration, Pascal Desprez, The Bradley Collection\u00ae, Studio Erick Saillet, Fr\u00e9d\u00e9ric Stucin.<\/p>\n","protected":false},"excerpt":{"rendered":"<p>Gauthier &amp; Cie SAS capitalised at \u20ac 38112,25 \u20ac. \u00a0 Headquarters:\u00a0 31 rue Malar, 75006 Paris, France SIRET\u00a034540440400021 RCS Paris 345404404 Intra-Community VAT number: FR 63\u00a079 13 50 26 7 contact@gauthiercompagnie.fr Tel.: +33 1 55 78 25 10 Publication director: Aurore Lebon Website created by Caroline G\u00e9rin, caroline-gerin.com and Simon Pasero, Cominup.fr. Hosted by OVH, [&hellip;]<\/p>\n","protected":false},"author":1,"featured_media":0,"parent":0,"menu_order":0,"comment_status":"closed","ping_status":"closed","template":"","meta":{"_sitemap_exclude":false,"_sitemap_priority":"","_sitemap_frequency":"","_genesis_hide_title":false,"_genesis_hide_breadcrumbs":false,"_genesis_hide_singular_image":false,"_genesis_hide_footer_widgets":false,"_genesis_custom_body_class":"","_genesis_custom_post_class":"","_genesis_layout":"","footnotes":""},"class_list":{"0":"post-442","1":"page","2":"type-page","3":"status-publish","5":"entry"},"_links":{"self":[{"href":"https:\/\/www.gauthiercompagnie.com\/en\/wp-json\/wp\/v2\/pages\/442","targetHints":{"allow":["GET"]}}],"collection":[{"href":"https:\/\/www.gauthiercompagnie.com\/en\/wp-json\/wp\/v2\/pages"}],"about":[{"href":"https:\/\/www.gauthiercompagnie.com\/en\/wp-json\/wp\/v2\/types\/page"}],"author":[{"embeddable":true,"href":"https:\/\/www.gauthiercompagnie.com\/en\/wp-json\/wp\/v2\/users\/1"}],"replies":[{"embeddable":true,"href":"https:\/\/www.gauthiercompagnie.com\/en\/wp-json\/wp\/v2\/comments?post=442"}],"version-history":[{"count":8,"href":"https:\/\/www.gauthiercompagnie.com\/en\/wp-json\/wp\/v2\/pages\/442\/revisions"}],"predecessor-version":[{"id":4904,"href":"https:\/\/www.gauthiercompagnie.com\/en\/wp-json\/wp\/v2\/pages\/442\/revisions\/4904"}],"wp:attachment":[{"href":"https:\/\/www.gauthiercompagnie.com\/en\/wp-json\/wp\/v2\/media?parent=442"}],"curies":[{"name":"wp","href":"https:\/\/api.w.org\/{rel}","templated":true}]}}