{"id":1519,"date":"2021-07-01T14:48:57","date_gmt":"2021-07-01T13:48:57","guid":{"rendered":"https:\/\/www.gauthiercompagnie.com\/?page_id=1519"},"modified":"2026-04-08T09:26:56","modified_gmt":"2026-04-08T08:26:56","slug":"catalogs","status":"publish","type":"page","link":"https:\/\/www.gauthiercompagnie.com\/en\/catalogs\/","title":{"rendered":"Catalogs"},"content":{"rendered":"\n<h2 class=\"wp-block-heading\">Projects<\/h2>\n\n\n\n<ul class=\"wp-block-list\">\n<li><a href=\"https:\/\/www.gauthiercompagnie.com\/wp-content\/uploads\/2024\/06\/Book-Gauthier-2024-1.pdf\" data-type=\"URL\" data-id=\"https:\/\/www.gauthiercompagnie.com\/wp-content\/uploads\/2023\/01\/Book-Gauthier-Cie-2023.01.26-1.pdf\" target=\"_blank\" rel=\"noreferrer noopener\">Gauthier &amp; Cie Projects<\/a><br><\/li>\n<\/ul>\n\n\n\n<h2 class=\"wp-block-heading\">Catalogs<\/h2>\n\n\n\n<ul class=\"wp-block-list\">\n<li><a href=\"https:\/\/www.gauthiercompagnie.com\/wp-content\/uploads\/2024\/06\/Gauthier-Cie_Catalogue-Tringles-Curtain-poles-2024-03-26.pdf\" target=\"_blank\" rel=\"noreferrer noopener\">Curtains Poles Catalog 2024<\/a><br>TRINGLES &amp; CIE : Straight poles, french poles &amp; shaped poles<br><\/li>\n\n\n\n<li><a href=\"https:\/\/www.gauthiercompagnie.com\/wp-content\/uploads\/2024\/07\/Gauthier-et-Cie-Catalogue-Rails-Tracks-2021.11.15.pdf\" target=\"_blank\" rel=\"noreferrer noopener\">Tracks &amp; Panel guides Catalog 2021<\/a><br>RAILS &amp; CIE :&nbsp;Curtain tracks &amp; Panel guides<br><\/li>\n\n\n\n<li><a href=\"https:\/\/www.gauthiercompagnie.com\/wp-content\/uploads\/2024\/06\/Gauthier-Cie_Catalogue-Stores-Window-blinds-2024-03-26.pdf\" target=\"_blank\" rel=\"noreferrer noopener\">Blinds Catalog 2024<\/a><br>STORES &amp; CIE : Roman blinds, Venetian blinds &amp; Roller blinds<\/li>\n<\/ul>\n\n\n\n<h2 class=\"wp-block-heading\">Finishes<\/h2>\n\n\n\n<p>HIGH QUALITY EPOXY SELECTION<\/p>\n\n\n\n<p>SAMPLE BOX 1&nbsp;: Matt Metallic Bronze, Golden Bronze, Cocoa, Chesnut, Manganese, Matt Black, Extra Matt Black, Hammered Black, Black Sand, Gunmetal \/ SAMPLE BOX 2 : Helium Grey, Pearly Grey, Pastel Grey, Pastel Cream, Quartz, , Gold soft, Gold pearl, Coffee, Rust<\/p>\n\n\n<style type=\"text\/css\">\n#foogallery-gallery-4839 .fg-image { width: 150px; }\n#foogallery-gallery-4839 { --fg-gutter: 10px; }<\/style>\n\t\t\t<div class=\"foogallery foogallery-container foogallery-default foogallery-lightbox-foogallery fg-center fg-default fg-ready fg-light fg-border-thin fg-shadow-outline fg-loading-default fg-loaded-fade-in fg-caption-hover fg-hover-fade fg-hover-zoom\" id=\"foogallery-gallery-4839\" data-foogallery=\"{&quot;item&quot;:{&quot;showCaptionTitle&quot;:true,&quot;showCaptionDescription&quot;:true},&quot;lazy&quot;:true,&quot;state&quot;:{&quot;enabled&quot;:true,&quot;mask&quot;:&quot;foogallery-{id}&quot;}}\" data-foogallery-lightbox=\"{&quot;thumbs&quot;:&quot;bottom&quot;,&quot;thumbsCaptions&quot;:false,&quot;thumbsBestFit&quot;:false,&quot;thumbsSmall&quot;:false,&quot;thumbsCaptionsAlign&quot;:&quot;default&quot;,&quot;info&quot;:&quot;bottom&quot;,&quot;infoVisible&quot;:true,&quot;infoOverlay&quot;:true,&quot;infoAlign&quot;:&quot;default&quot;,&quot;transition&quot;:&quot;fade&quot;,&quot;hoverButtons&quot;:false,&quot;fitMedia&quot;:false,&quot;noScrollbars&quot;:true,&quot;preserveButtonSpace&quot;:true,&quot;buttons&quot;:{&quot;fullscreen&quot;:true,&quot;info&quot;:true,&quot;thumbs&quot;:false},&quot;video&quot;:{&quot;autoPlay&quot;:true}}\" style=\"--fg-title-line-clamp: 0; --fg-description-line-clamp: 0;\" >\n\t<div class=\"fg-item fg-type-image fg-idle\"><figure class=\"fg-item-inner\"><a href=\"https:\/\/www.gauthiercompagnie.com\/wp-content\/uploads\/2024\/10\/Epoxy-1.png\" data-attachment-id=\"4881\" data-type=\"image\" class=\"fg-thumb\"><span class=\"fg-image-wrap\"><img decoding=\"async\" alt=\"D\u00e9cors \u00e9lectrolytiques pour tringles \u00e0 rideaux, accessoires (embouts, rosaces...) et rails d\u00e9coratifs, tons\" width=\"150\" height=\"150\" class=\"skip-lazy fg-image\" data-src-fg=\"https:\/\/www.gauthiercompagnie.com\/wp-content\/uploads\/cache\/2024\/10\/Epoxy-1\/1458431875.png\" src=\"data:image\/svg+xml,%3Csvg%20xmlns%3D%22http%3A%2F%2Fwww.w3.org%2F2000%2Fsvg%22%20width%3D%22150%22%20height%3D%22150%22%20viewBox%3D%220%200%20150%20150%22%3E%3C%2Fsvg%3E\" loading=\"eager\"><\/span><span class=\"fg-image-overlay\"><\/span><\/a><\/figure><div class=\"fg-loader\"><\/div><\/div><div class=\"fg-item fg-type-image fg-idle\"><figure class=\"fg-item-inner\"><a href=\"https:\/\/www.gauthiercompagnie.com\/wp-content\/uploads\/2024\/10\/Epoxy-2_2024-10.png\" data-attachment-id=\"4883\" data-type=\"image\" class=\"fg-thumb\"><span class=\"fg-image-wrap\"><img decoding=\"async\" alt=\"D\u00e9cors \u00e9lectrolytiques pour tringles \u00e0 rideaux, accessoires (embouts, rosaces...) et rails d\u00e9coratifs, tons clairs\" width=\"150\" height=\"150\" class=\"skip-lazy fg-image\" data-src-fg=\"https:\/\/www.gauthiercompagnie.com\/wp-content\/uploads\/cache\/2024\/10\/Epoxy-2_2024-10\/359594135.png\" src=\"data:image\/svg+xml,%3Csvg%20xmlns%3D%22http%3A%2F%2Fwww.w3.org%2F2000%2Fsvg%22%20width%3D%22150%22%20height%3D%22150%22%20viewBox%3D%220%200%20150%20150%22%3E%3C%2Fsvg%3E\" loading=\"eager\"><\/span><span class=\"fg-image-overlay\"><\/span><\/a><\/figure><div class=\"fg-loader\"><\/div><\/div><\/div>\n\n\n\n<p><\/p>\n\n\n\n<p>ELECTROLYTIC SELECTION<\/p>\n\n\n\n<p>SAMPLE BOX 1&nbsp;: Satin Marbled Brass, Shiny Marbled Brass, Polished Varnished Satin Brass, Polished Varnished, Polished Varnished Gold, Satin Varnished Gilding, Shiny Varnished Gilding, Brushed Copper, Shiny Copper \/ SAMPLE BOX 2 : Shiny Varnished Brass, Antique Satin Brass, Shiny Light Medal Bronze, Satin Light Medal Bronze, Shiny Medium Medal Bronze, Satin Medium Medal Bronze, Shiny Dark Medal Bronze, Satin Dark Medal Bronze, Shiny Vibrated Medal Bronze, Satin Vibrated Medal Bronze \/ SAMPLE BOX 3 : Shiny Chrome, Mat brushed Nickel, Shiny nickel, Mat Nickel, Satin Mat Nickel, Shiny Pewter Antique Nickel, Shiny Gunmetal Black, Satin Waxed Black Gunmetal, Satin Waxed Black Bronze, Black Varnish Black Nickel.<\/p>\n\n\n<style type=\"text\/css\">\n#foogallery-gallery-4848 .fg-image { width: 150px; }\n#foogallery-gallery-4848 { --fg-gutter: 10px; }<\/style>\n\t\t\t<div class=\"foogallery foogallery-container foogallery-default foogallery-lightbox-foogallery fg-center fg-default fg-ready fg-light fg-border-thin fg-shadow-outline fg-loading-default fg-loaded-fade-in fg-caption-hover fg-hover-fade fg-hover-zoom\" id=\"foogallery-gallery-4848\" data-foogallery=\"{&quot;item&quot;:{&quot;showCaptionTitle&quot;:true,&quot;showCaptionDescription&quot;:true},&quot;lazy&quot;:true,&quot;state&quot;:{&quot;enabled&quot;:true,&quot;mask&quot;:&quot;foogallery-{id}&quot;}}\" data-foogallery-lightbox=\"{&quot;thumbs&quot;:&quot;bottom&quot;,&quot;thumbsCaptions&quot;:false,&quot;thumbsBestFit&quot;:false,&quot;thumbsSmall&quot;:false,&quot;thumbsCaptionsAlign&quot;:&quot;default&quot;,&quot;info&quot;:&quot;bottom&quot;,&quot;infoVisible&quot;:true,&quot;infoOverlay&quot;:true,&quot;infoAlign&quot;:&quot;default&quot;,&quot;transition&quot;:&quot;fade&quot;,&quot;hoverButtons&quot;:false,&quot;fitMedia&quot;:false,&quot;noScrollbars&quot;:true,&quot;preserveButtonSpace&quot;:true,&quot;buttons&quot;:{&quot;fullscreen&quot;:true,&quot;info&quot;:true,&quot;thumbs&quot;:false},&quot;video&quot;:{&quot;autoPlay&quot;:true}}\" style=\"--fg-title-line-clamp: 0; --fg-description-line-clamp: 0;\" >\n\t<div class=\"fg-item fg-type-image fg-idle\"><figure class=\"fg-item-inner\"><a href=\"https:\/\/www.gauthiercompagnie.com\/wp-content\/uploads\/2024\/10\/Electro-Les-Dores-2024-10.png\" data-attachment-id=\"4877\" data-type=\"image\" class=\"fg-thumb\"><span class=\"fg-image-wrap\"><img decoding=\"async\" alt=\"D\u00e9cors \u00e9lectrolytiques pour tringles \u00e0 rideaux, accessoires (embouts, rosaces...) et rails d\u00e9coratifs, gamme Les Dor\u00e9s\" width=\"150\" height=\"150\" class=\"skip-lazy fg-image\" data-src-fg=\"https:\/\/www.gauthiercompagnie.com\/wp-content\/uploads\/cache\/2024\/10\/Electro-Les-Dores-2024-10\/3355692676.png\" src=\"data:image\/svg+xml,%3Csvg%20xmlns%3D%22http%3A%2F%2Fwww.w3.org%2F2000%2Fsvg%22%20width%3D%22150%22%20height%3D%22150%22%20viewBox%3D%220%200%20150%20150%22%3E%3C%2Fsvg%3E\" loading=\"eager\"><\/span><span class=\"fg-image-overlay\"><\/span><\/a><\/figure><div class=\"fg-loader\"><\/div><\/div><div class=\"fg-item fg-type-image fg-idle\"><figure class=\"fg-item-inner\"><a href=\"https:\/\/www.gauthiercompagnie.com\/wp-content\/uploads\/2024\/10\/Electro-Les-Bronze-2021-10.png\" data-attachment-id=\"4875\" data-type=\"image\" class=\"fg-thumb\"><span class=\"fg-image-wrap\"><img decoding=\"async\" alt=\"D\u00e9cors \u00e9lectrolytiques pour tringles \u00e0 rideaux, accessoires (embouts, rosaces...) et rails d\u00e9coratifs, gamme Les Bronze\" width=\"150\" height=\"150\" class=\"skip-lazy fg-image\" data-src-fg=\"https:\/\/www.gauthiercompagnie.com\/wp-content\/uploads\/cache\/2024\/10\/Electro-Les-Bronze-2021-10\/260367687.png\" src=\"data:image\/svg+xml,%3Csvg%20xmlns%3D%22http%3A%2F%2Fwww.w3.org%2F2000%2Fsvg%22%20width%3D%22150%22%20height%3D%22150%22%20viewBox%3D%220%200%20150%20150%22%3E%3C%2Fsvg%3E\" loading=\"eager\"><\/span><span class=\"fg-image-overlay\"><\/span><\/a><\/figure><div class=\"fg-loader\"><\/div><\/div><div class=\"fg-item fg-type-image fg-idle\"><figure class=\"fg-item-inner\"><a href=\"https:\/\/www.gauthiercompagnie.com\/wp-content\/uploads\/2024\/10\/Electro-Les-Nickels-2024-10.png\" data-attachment-id=\"4879\" data-type=\"image\" class=\"fg-thumb\"><span class=\"fg-image-wrap\"><img decoding=\"async\" alt=\"D\u00e9cors \u00e9lectrolytiques pour tringles \u00e0 rideaux, accessoires (embouts, rosaces...) et rails d\u00e9coratifs, gamme Les Nickel\" width=\"150\" height=\"150\" class=\"skip-lazy fg-image\" data-src-fg=\"https:\/\/www.gauthiercompagnie.com\/wp-content\/uploads\/cache\/2024\/10\/Electro-Les-Nickels-2024-10\/4005401324.png\" src=\"data:image\/svg+xml,%3Csvg%20xmlns%3D%22http%3A%2F%2Fwww.w3.org%2F2000%2Fsvg%22%20width%3D%22150%22%20height%3D%22150%22%20viewBox%3D%220%200%20150%20150%22%3E%3C%2Fsvg%3E\" loading=\"eager\"><\/span><span class=\"fg-image-overlay\"><\/span><\/a><\/figure><div class=\"fg-loader\"><\/div><\/div><\/div>\n\n\n\n<p><\/p>\n\n\n\n<p>WINDOW BLINDS CHAIN FINISHES<\/p>\n\n\n\n<p>M11 Antique Brass, M15 Gunmetal, M43 Antique Silver, M14 Antique Bronze, M42 Antique Copper, M41 Shiny Copper, M13 Shiny Chrome, M12 Satin Nickel, M18 Inox, M17 Laquered Black, M16 Laquered White.<\/p>\n\n\n<style type=\"text\/css\">\n#foogallery-gallery-4853 .fg-image { width: 150px; }\n#foogallery-gallery-4853 { --fg-gutter: 10px; }<\/style>\n\t\t\t<div class=\"foogallery foogallery-container foogallery-default foogallery-lightbox-foogallery fg-center fg-default fg-ready fg-light fg-border-thin fg-shadow-outline fg-loading-default fg-loaded-fade-in fg-caption-hover fg-hover-fade fg-hover-zoom\" id=\"foogallery-gallery-4853\" data-foogallery=\"{&quot;item&quot;:{&quot;showCaptionTitle&quot;:true,&quot;showCaptionDescription&quot;:true},&quot;lazy&quot;:true,&quot;state&quot;:{&quot;enabled&quot;:true,&quot;mask&quot;:&quot;foogallery-{id}&quot;}}\" data-foogallery-lightbox=\"{&quot;thumbs&quot;:&quot;bottom&quot;,&quot;thumbsCaptions&quot;:false,&quot;thumbsBestFit&quot;:false,&quot;thumbsSmall&quot;:false,&quot;thumbsCaptionsAlign&quot;:&quot;default&quot;,&quot;info&quot;:&quot;bottom&quot;,&quot;infoVisible&quot;:true,&quot;infoOverlay&quot;:true,&quot;infoAlign&quot;:&quot;default&quot;,&quot;transition&quot;:&quot;fade&quot;,&quot;hoverButtons&quot;:false,&quot;fitMedia&quot;:false,&quot;noScrollbars&quot;:true,&quot;preserveButtonSpace&quot;:true,&quot;buttons&quot;:{&quot;fullscreen&quot;:true,&quot;info&quot;:true,&quot;thumbs&quot;:false},&quot;video&quot;:{&quot;autoPlay&quot;:true}}\" style=\"--fg-title-line-clamp: 0; --fg-description-line-clamp: 0;\" >\n\t<div class=\"fg-item fg-type-image fg-idle\"><figure class=\"fg-item-inner\"><a href=\"https:\/\/www.gauthiercompagnie.com\/wp-content\/uploads\/2024\/10\/selection-decors-chainettes-metal_2024-10.jpg\" data-attachment-id=\"4855\" data-type=\"image\" class=\"fg-thumb\"><span class=\"fg-image-wrap\"><img decoding=\"async\" alt=\"D\u00e9cor haute qualit\u00e9 cha\u00eenettes m\u00e9tal pour stores\" width=\"150\" height=\"150\" class=\"skip-lazy fg-image\" data-src-fg=\"https:\/\/www.gauthiercompagnie.com\/wp-content\/uploads\/cache\/2024\/10\/selection-decors-chainettes-metal_2024-10\/2957575250.jpg\" src=\"data:image\/svg+xml,%3Csvg%20xmlns%3D%22http%3A%2F%2Fwww.w3.org%2F2000%2Fsvg%22%20width%3D%22150%22%20height%3D%22150%22%20viewBox%3D%220%200%20150%20150%22%3E%3C%2Fsvg%3E\" loading=\"eager\"><\/span><span class=\"fg-image-overlay\"><\/span><\/a><\/figure><div class=\"fg-loader\"><\/div><\/div><\/div>\n\n\n\n<p><\/p>\n\n\n\n<p>LEATHER SELECTION<\/p>\n\n\n\n<p>A few examples of colors and textures, with or without bespoke decorative stitches, for exclusive leather covered curtain poles and accessories \u2013 brackets, rings, finials, rosettes. Handcraft by maison Fey, high quality leathers sourced in the EU.<\/p>\n\n\n<style type=\"text\/css\">\n#foogallery-gallery-5400 .fg-image { width: 270px; }\n#foogallery-gallery-5400 { --fg-gutter: 10px; }<\/style>\n\t\t\t<div class=\"foogallery foogallery-container foogallery-default foogallery-lightbox-foogallery fg-center fg-default fg-ready fg-light fg-border-thin fg-shadow-outline fg-loading-default fg-loaded-fade-in fg-preset fg-brad fg-preset-small fg-preset fg-brad fg-preset-small\" id=\"foogallery-gallery-5400\" data-foogallery=\"{&quot;item&quot;:{&quot;showCaptionTitle&quot;:true,&quot;showCaptionDescription&quot;:true},&quot;lazy&quot;:true,&quot;state&quot;:{&quot;enabled&quot;:true,&quot;mask&quot;:&quot;foogallery-{id}&quot;}}\" data-foogallery-lightbox=\"{&quot;thumbs&quot;:&quot;bottom&quot;,&quot;thumbsCaptions&quot;:false,&quot;thumbsBestFit&quot;:false,&quot;thumbsSmall&quot;:false,&quot;thumbsCaptionsAlign&quot;:&quot;default&quot;,&quot;info&quot;:&quot;bottom&quot;,&quot;infoVisible&quot;:true,&quot;infoOverlay&quot;:true,&quot;infoAlign&quot;:&quot;default&quot;,&quot;transition&quot;:&quot;fade&quot;,&quot;hoverButtons&quot;:false,&quot;fitMedia&quot;:false,&quot;noScrollbars&quot;:true,&quot;preserveButtonSpace&quot;:true,&quot;buttons&quot;:{&quot;fullscreen&quot;:true,&quot;info&quot;:true,&quot;thumbs&quot;:false},&quot;video&quot;:{&quot;autoPlay&quot;:true}}\" style=\"--fg-title-line-clamp: 1; --fg-description-line-clamp: 2;\" >\n\t<div class=\"fg-item fg-type-image fg-idle\"><figure class=\"fg-item-inner\"><a href=\"https:\/\/www.gauthiercompagnie.com\/wp-content\/uploads\/2026\/04\/Cuir.jpg\" data-attachment-id=\"5401\" data-type=\"image\" class=\"fg-thumb\"><span class=\"fg-image-wrap\"><img fetchpriority=\"high\" decoding=\"async\" alt=\"une finition luxe pour vos tringles \u00e0 rideaux sur mesure. Large choix de couleur et textures de cuir\" width=\"270\" height=\"230\" class=\"skip-lazy fg-image\" data-src-fg=\"https:\/\/www.gauthiercompagnie.com\/wp-content\/uploads\/cache\/2026\/04\/Cuir\/2400860984.jpg\" src=\"data:image\/svg+xml,%3Csvg%20xmlns%3D%22http%3A%2F%2Fwww.w3.org%2F2000%2Fsvg%22%20width%3D%22270%22%20height%3D%22230%22%20viewBox%3D%220%200%20270%20230%22%3E%3C%2Fsvg%3E\" loading=\"eager\"><\/span><span class=\"fg-image-overlay\"><\/span><\/a><\/figure><div class=\"fg-loader\"><\/div><\/div><\/div>\n\n\n\n<p><\/p>\n\n\n\n<h2 class=\"wp-block-heading\">Pricelist<\/h2>\n\n\n\n<ul class=\"wp-block-list\">\n<li><a href=\"https:\/\/www.gauthiercompagnie.com\/wp-content\/uploads\/2024\/06\/TARIFS-PRICES-2024.06.02.pdf\" target=\"_blank\" rel=\"noreferrer noopener\">Gauthier&amp;Cie, pricelist June 2024<\/a><br>Gauthier&amp;Cie, pricelist June 2nd 2024<\/li>\n<\/ul>\n\n\n\n<h2 class=\"wp-block-heading\">&nbsp;Brochures<\/h2>\n\n\n\n<ul class=\"wp-block-list\">\n<li><a href=\"https:\/\/www.gauthiercompagnie.com\/wp-content\/uploads\/2024\/06\/Gauthier-Cie__Presentation-2024-03-26.pdf\" target=\"_blank\" rel=\"noreferrer noopener\">Gauthier &amp; Cie Presentation<\/a><br>Know-how &amp; product range<\/li>\n\n\n\n<li><a href=\"https:\/\/www.gauthiercompagnie.com\/wp-content\/uploads\/2024\/06\/Gauthier-Cie__Presentation-2024-03-21-RU-web.pdf\" target=\"_blank\" rel=\"noreferrer noopener\">\u041e\u0437\u043d\u0430\u043a\u043e\u043c\u0438\u0442\u0435\u043b\u044c\u043d\u0430\u044f \u0431\u0440\u043e\u0448\u044e\u0440\u0430<\/a><br>Know-how &amp; product range RU<\/li>\n<\/ul>\n","protected":false},"excerpt":{"rendered":"<p>Projects Catalogs Finishes HIGH QUALITY EPOXY SELECTION SAMPLE BOX 1&nbsp;: Matt Metallic Bronze, Golden Bronze, Cocoa, Chesnut, Manganese, Matt Black, Extra Matt Black, Hammered Black, Black Sand, Gunmetal \/ SAMPLE BOX 2 : Helium Grey, Pearly Grey, Pastel Grey, Pastel Cream, Quartz, , Gold soft, Gold pearl, Coffee, Rust ELECTROLYTIC SELECTION SAMPLE BOX 1&nbsp;: Satin [&hellip;]<\/p>\n","protected":false},"author":1,"featured_media":0,"parent":0,"menu_order":0,"comment_status":"closed","ping_status":"closed","template":"catalogues.php","meta":{"_sitemap_exclude":false,"_sitemap_priority":"","_sitemap_frequency":"","_genesis_hide_title":false,"_genesis_hide_breadcrumbs":false,"_genesis_hide_singular_image":false,"_genesis_hide_footer_widgets":false,"_genesis_custom_body_class":"","_genesis_custom_post_class":"","_genesis_layout":"","footnotes":""},"class_list":{"0":"post-1519","1":"page","2":"type-page","3":"status-publish","5":"entry"},"_links":{"self":[{"href":"https:\/\/www.gauthiercompagnie.com\/en\/wp-json\/wp\/v2\/pages\/1519","targetHints":{"allow":["GET"]}}],"collection":[{"href":"https:\/\/www.gauthiercompagnie.com\/en\/wp-json\/wp\/v2\/pages"}],"about":[{"href":"https:\/\/www.gauthiercompagnie.com\/en\/wp-json\/wp\/v2\/types\/page"}],"author":[{"embeddable":true,"href":"https:\/\/www.gauthiercompagnie.com\/en\/wp-json\/wp\/v2\/users\/1"}],"replies":[{"embeddable":true,"href":"https:\/\/www.gauthiercompagnie.com\/en\/wp-json\/wp\/v2\/comments?post=1519"}],"version-history":[{"count":45,"href":"https:\/\/www.gauthiercompagnie.com\/en\/wp-json\/wp\/v2\/pages\/1519\/revisions"}],"predecessor-version":[{"id":5412,"href":"https:\/\/www.gauthiercompagnie.com\/en\/wp-json\/wp\/v2\/pages\/1519\/revisions\/5412"}],"wp:attachment":[{"href":"https:\/\/www.gauthiercompagnie.com\/en\/wp-json\/wp\/v2\/media?parent=1519"}],"curies":[{"name":"wp","href":"https:\/\/api.w.org\/{rel}","templated":true}]}}